{"id":809,"date":"2022-06-06T07:40:54","date_gmt":"2022-06-06T07:40:54","guid":{"rendered":"https:\/\/masal-s.com\/?page_id=809"},"modified":"2023-04-12T13:10:16","modified_gmt":"2023-04-12T13:10:16","slug":"pogoji-uporabe","status":"publish","type":"page","link":"https:\/\/masal-s.com\/hr\/pogoji-uporabe\/","title":{"rendered":"Pogoji uporabe"},"content":{"rendered":"<div data-elementor-type=\"wp-post\" data-elementor-id=\"809\" class=\"elementor elementor-809\">\n\t\t\t\t\t\t\t\t\t<section class=\"elementor-section elementor-top-section elementor-element elementor-element-96de28b elementor-section-boxed elementor-section-height-default elementor-section-height-default\" data-id=\"96de28b\" data-element_type=\"section\" data-settings=\"{&quot;background_background&quot;:&quot;classic&quot;}\">\n\t\t\t\t\t\t\t<div class=\"elementor-background-overlay\"><\/div>\n\t\t\t\t\t\t\t<div class=\"elementor-container elementor-column-gap-no\">\n\t\t\t\t\t<div class=\"elementor-column elementor-col-100 elementor-top-column elementor-element elementor-element-9f80700\" data-id=\"9f80700\" data-element_type=\"column\">\n\t\t\t<div class=\"elementor-widget-wrap elementor-element-populated\">\n\t\t\t\t\t\t\t\t<div class=\"elementor-element elementor-element-cc9b997 elementor-widget elementor-widget-heading\" data-id=\"cc9b997\" data-element_type=\"widget\" data-widget_type=\"heading.default\">\n\t\t\t\t<div class=\"elementor-widget-container\">\n\t\t\t<style>\/*! elementor - v3.13.0 - 08-05-2023 *\/\n.elementor-heading-title{padding:0;margin:0;line-height:1}.elementor-widget-heading .elementor-heading-title[class*=elementor-size-]>a{color:inherit;font-size:inherit;line-height:inherit}.elementor-widget-heading .elementor-heading-title.elementor-size-small{font-size:15px}.elementor-widget-heading .elementor-heading-title.elementor-size-medium{font-size:19px}.elementor-widget-heading .elementor-heading-title.elementor-size-large{font-size:29px}.elementor-widget-heading .elementor-heading-title.elementor-size-xl{font-size:39px}.elementor-widget-heading .elementor-heading-title.elementor-size-xxl{font-size:59px}<\/style><h2 class=\"elementor-heading-title elementor-size-default\">Zakon o varstvu osebnih podatkov (ZVOP-1)<\/h2>\t\t<\/div>\n\t\t\t\t<\/div>\n\t\t\t\t<div class=\"elementor-element elementor-element-f3c4207 elementor-widget elementor-widget-text-editor\" data-id=\"f3c4207\" data-element_type=\"widget\" data-widget_type=\"text-editor.default\">\n\t\t\t\t<div class=\"elementor-widget-container\">\n\t\t\t<style>\/*! elementor - v3.13.0 - 08-05-2023 *\/\n.elementor-widget-text-editor.elementor-drop-cap-view-stacked .elementor-drop-cap{background-color:#69727d;color:#fff}.elementor-widget-text-editor.elementor-drop-cap-view-framed .elementor-drop-cap{color:#69727d;border:3px solid;background-color:transparent}.elementor-widget-text-editor:not(.elementor-drop-cap-view-default) .elementor-drop-cap{margin-top:8px}.elementor-widget-text-editor:not(.elementor-drop-cap-view-default) .elementor-drop-cap-letter{width:1em;height:1em}.elementor-widget-text-editor .elementor-drop-cap{float:left;text-align:center;line-height:1;font-size:50px}.elementor-widget-text-editor .elementor-drop-cap-letter{display:inline-block}<\/style>\t\t\t\t<p>Zakon o varstvu podatkov si lahko pogledate na spletni strani PIS-a na tej&nbsp;<a href=\"http:\/\/www.pisrs.si\/Pis.web\/pregledPredpisa?id=ZAKO3906\"><strong>povezavi.<\/strong><\/a><\/p>\n<p>Masal-s d.o.o. (v nadaljevanju ponudnik) si prizadevamo, da se pri nas po\u010dutite varni, pri \u010demer stremimo,da so va\u0161i osebni podatki varovani najbolj kar se le da. Zavedamo se svoje odgovornosti v zvezi z ravnanjem z va\u0161imi osebnimi podatki, zato vse osebne podatke obdelujemo v skladu z vsakokrat veljavnim Zakonom o varstvu osebnih podatkov, Zakonom o elektronskih komunikacijah in s Splo\u0161no uredbo o varstvu podatkov (\u00bbGDPR\u00ab).<\/p>\n<p>Namen Politike varovanja osebnih podatkov (\u00bbPolitika\u00ab) je, da vas seznanimo, za katere namene pridobimo va\u0161e osebne podatke, kak\u0161na bo njihova uporaba, kak\u0161ne so va\u0161e pravice v zvezi s podatki, ki jih hranimo o vas, in kako jih uveljavljati.<\/p>\t\t\t\t\t\t<\/div>\n\t\t\t\t<\/div>\n\t\t\t\t\t<\/div>\n\t\t<\/div>\n\t\t\t\t\t\t\t<\/div>\n\t\t<\/section>\n\t\t\t\t<section class=\"elementor-section elementor-top-section elementor-element elementor-element-534e833 elementor-section-boxed elementor-section-height-default elementor-section-height-default\" data-id=\"534e833\" data-element_type=\"section\">\n\t\t\t\t\t\t<div class=\"elementor-container elementor-column-gap-default\">\n\t\t\t\t\t<div class=\"elementor-column elementor-col-100 elementor-top-column elementor-element elementor-element-f278e85\" data-id=\"f278e85\" data-element_type=\"column\">\n\t\t\t<div class=\"elementor-widget-wrap elementor-element-populated\">\n\t\t\t\t\t\t\t\t<div class=\"elementor-element elementor-element-6143c9f elementor-widget elementor-widget-heading\" data-id=\"6143c9f\" data-element_type=\"widget\" data-widget_type=\"heading.default\">\n\t\t\t\t<div class=\"elementor-widget-container\">\n\t\t\t<h3 class=\"elementor-heading-title elementor-size-default\">1. Upravljalec podatkov<\/h3>\t\t<\/div>\n\t\t\t\t<\/div>\n\t\t\t\t<div class=\"elementor-element elementor-element-b745177 elementor-widget elementor-widget-text-editor\" data-id=\"b745177\" data-element_type=\"widget\" data-widget_type=\"text-editor.default\">\n\t\t\t\t<div class=\"elementor-widget-container\">\n\t\t\t\t\t\t\t<p>Upravljalec va\u0161ih osebnih podatkov je <img decoding=\"async\" class=\"b-founder-title-image\" src=\"https:\/\/www.bizi.si\/ImageGenerator.aspx?zUeMCfrbROk%2bm9LwaDBUNRg%2bDbliWkzkGf5O%2fS6y3%2f7HtWCud78qP6XYNsr17Xuz05im%2fQbN7FX6wRo%2bk7MfNg%3d%3d\" \/><img decoding=\"async\" class=\"b-founder-title-image\" src=\"https:\/\/www.bizi.si\/ImageGenerator.aspx?XWaGulATqrCm6xQbH%2bHsyqqIV8CvhsZvq4G1vHWhLt1fCgVuZJ5%2br8QdENGlJ4gyMRYcW%2fuJcpvA23IEk1zb0ATkwXLkFIm2PxU75hWdldg%3d\" \/><a id=\"ctl00_ctl00_cphMain_CompanyDetailsTitleBasic1_aAddress\" class=\"b-link i-ostalo-lokacija\"><\/a>Osojnikova cesta 3, \u00a02250 Ptuj<\/p>\t\t\t\t\t\t<\/div>\n\t\t\t\t<\/div>\n\t\t\t\t<div class=\"elementor-element elementor-element-6cf850a elementor-widget elementor-widget-heading\" data-id=\"6cf850a\" data-element_type=\"widget\" data-widget_type=\"heading.default\">\n\t\t\t\t<div class=\"elementor-widget-container\">\n\t\t\t<h3 class=\"elementor-heading-title elementor-size-default\">2. Namen obdelave podatkov<\/h3>\t\t<\/div>\n\t\t\t\t<\/div>\n\t\t\t\t<div class=\"elementor-element elementor-element-b6d15a9 elementor-widget elementor-widget-text-editor\" data-id=\"b6d15a9\" data-element_type=\"widget\" data-widget_type=\"text-editor.default\">\n\t\t\t\t<div class=\"elementor-widget-container\">\n\t\t\t\t\t\t\t<p>Vse osebne podatke, ki nam jih posredujete, bomo obravnavali zaupno in jih uporabili zgolj v namene, za katere ste jih posredovali. \u010ce bo nastala potreba po nadaljnji obdelavi va\u0161ih podatkov za kak drug namen, vas bomo o tem predhodno obvestili in vas zaprosili za va\u0161e soglasje.<\/p>\t\t\t\t\t\t<\/div>\n\t\t\t\t<\/div>\n\t\t\t\t<div class=\"elementor-element elementor-element-cbb096a elementor-widget elementor-widget-heading\" data-id=\"cbb096a\" data-element_type=\"widget\" data-widget_type=\"heading.default\">\n\t\t\t\t<div class=\"elementor-widget-container\">\n\t\t\t<h3 class=\"elementor-heading-title elementor-size-default\">3. Obisk in uporaba spletne strani<\/h3>\t\t<\/div>\n\t\t\t\t<\/div>\n\t\t\t\t<div class=\"elementor-element elementor-element-3f98a11 elementor-widget elementor-widget-text-editor\" data-id=\"3f98a11\" data-element_type=\"widget\" data-widget_type=\"text-editor.default\">\n\t\t\t\t<div class=\"elementor-widget-container\">\n\t\t\t\t\t\t\t<p>Ob vsakem obisku strani https:\/\/masal-s.com\/ se na spletnem stre\u017eniku avtomatsko shranjuje dnevni\u0161ka datoteka spletnega stre\u017enika (npr. IP-\u0161tevilka, razli\u010dica brskalnika, \u010das obiska in podobno). Te podatke obdelujemo za potrebe vodenja svoje statistike. Ponudnik tako zbrane podatke obdeluje posebej in jih ne povezuje z drugimi podatki.<\/p><p>\u010ce na spletni strani obstajajo povezave na druge spletne strani, ki niso v nikakr\u0161ni povezavi s ponudnikom, ne prevzemamo nobene odgovornosti za za\u0161\u010dito podatkov na teh spletnih straneh.<\/p>\t\t\t\t\t\t<\/div>\n\t\t\t\t<\/div>\n\t\t\t\t<div class=\"elementor-element elementor-element-cd84b89 elementor-widget elementor-widget-heading\" data-id=\"cd84b89\" data-element_type=\"widget\" data-widget_type=\"heading.default\">\n\t\t\t\t<div class=\"elementor-widget-container\">\n\t\t\t<h3 class=\"elementor-heading-title elementor-size-default\">4. Obdelava osebnih podatkov na\u0161ih klientov<\/h3>\t\t<\/div>\n\t\t\t\t<\/div>\n\t\t\t\t<div class=\"elementor-element elementor-element-794d419 elementor-widget elementor-widget-text-editor\" data-id=\"794d419\" data-element_type=\"widget\" data-widget_type=\"text-editor.default\">\n\t\t\t\t<div class=\"elementor-widget-container\">\n\t\t\t\t\t\t\t<p>Podatke, ki nam jih posredujete v okviru povpra\u0161evanja, nam posredujete prostovoljno in na osnovi privolitve v komunikacijo po E-po\u0161ti za namen komuniciranja za va\u0161e povpra\u0161evanje. Te podatke bomo obdelovali zgolj za potrebe po odgovoru in medsebojne komunikacije. Za pravilnost in to\u010dnost teh podatkov ste odgovorni izklju\u010dno sami.<\/p>\t\t\t\t\t\t<\/div>\n\t\t\t\t<\/div>\n\t\t\t\t<div class=\"elementor-element elementor-element-782e202 elementor-widget elementor-widget-heading\" data-id=\"782e202\" data-element_type=\"widget\" data-widget_type=\"heading.default\">\n\t\t\t\t<div class=\"elementor-widget-container\">\n\t\t\t<h3 class=\"elementor-heading-title elementor-size-default\">5. Uporabniki podatkov<\/h3>\t\t<\/div>\n\t\t\t\t<\/div>\n\t\t\t\t<div class=\"elementor-element elementor-element-c7ffe10 elementor-widget elementor-widget-text-editor\" data-id=\"c7ffe10\" data-element_type=\"widget\" data-widget_type=\"text-editor.default\">\n\t\t\t\t<div class=\"elementor-widget-container\">\n\t\t\t\t\t\t\t<p>Vsi podatki zbrani na osnovi zgoraj na\u0161tetih pravnih podlag, bodo uporabljeni v skladu z namenom, za katerega so bili zbrani in jih brez va\u0161e privolitve ne bomo posredovali tretjim osebam. Osebni podatki klientov se zaradi zaupnega razmerja med uporabnikom in ponudniku ne razkrivajo nobenim tretjim osebam.<\/p><p>V okviru zakonskih pristojnosti je mogo\u010de va\u0161e osebne podatke razkriti naslednjim obdelovalcem podatkov:<\/p><p>\u2013\u00a0\u00a0\u00a0\u00a0\u00a0 administratorju in skrbniku spletne strani.<\/p><p>Ponudnik se zavezuje, da va\u0161ih osebnih podatkov ne bo posredoval ali prenesel v tretjo dr\u017eavo ali kaki mednarodni organizaciji.<\/p>\t\t\t\t\t\t<\/div>\n\t\t\t\t<\/div>\n\t\t\t\t<div class=\"elementor-element elementor-element-664ad7f elementor-widget elementor-widget-heading\" data-id=\"664ad7f\" data-element_type=\"widget\" data-widget_type=\"heading.default\">\n\t\t\t\t<div class=\"elementor-widget-container\">\n\t\t\t<h3 class=\"elementor-heading-title elementor-size-default\">6. Obdobje hrambe podatkov<\/h3>\t\t<\/div>\n\t\t\t\t<\/div>\n\t\t\t\t<div class=\"elementor-element elementor-element-421ff02 elementor-widget elementor-widget-text-editor\" data-id=\"421ff02\" data-element_type=\"widget\" data-widget_type=\"text-editor.default\">\n\t\t\t\t<div class=\"elementor-widget-container\">\n\t\t\t\t\t\t\t<p>Zagotavljamo vam, da va\u0161e podatke hranimo le toliko \u010dasa, kolikor je potrebno, da se izpolni namen, zaradi katerega so bili zbrani in uporabljeni, in sicer:<\/p><ul><li>dnevni\u0161ke datoteke spletnega stre\u017enika se hranijo 3 (tri) mesece;<\/li><li>va\u0161i kontaktni podatki za potrebe komunikacije se obdelujejo zaklju\u010denega posla oziroma zaklju\u010dene komunikacije;<\/li><\/ul><p>Po prenehanju potrebe po vodenju podatkov, tj. po izpolnitvi namena, za katerega so bili zbrani, se podatki nemudoma nepovratno in trajno izbri\u0161ejo.<\/p>\t\t\t\t\t\t<\/div>\n\t\t\t\t<\/div>\n\t\t\t\t<div class=\"elementor-element elementor-element-150279a elementor-widget elementor-widget-heading\" data-id=\"150279a\" data-element_type=\"widget\" data-widget_type=\"heading.default\">\n\t\t\t\t<div class=\"elementor-widget-container\">\n\t\t\t<h3 class=\"elementor-heading-title elementor-size-default\">7. Va\u0161e pravice<\/h3>\t\t<\/div>\n\t\t\t\t<\/div>\n\t\t\t\t<div class=\"elementor-element elementor-element-0157a2e elementor-widget elementor-widget-text-editor\" data-id=\"0157a2e\" data-element_type=\"widget\" data-widget_type=\"text-editor.default\">\n\t\t\t\t<div class=\"elementor-widget-container\">\n\t\t\t\t\t\t\t<p>Ponudnik zagotavlja uresni\u010devanje vseh pravic, ki vam pripadajo v zvezi z obdelavo va\u0161ih osebnih podatkov.<\/p><p>Od podjetja lahko kadarkoli zahtevate:<\/p><ul><li>izbris va\u0161ih podatkov z baze povpra\u0161evanja,<\/li><li>izbris va\u0161ih podatkov, ki se shranjujejo za namene povpra\u0161evanja.<\/li><\/ul>\t\t\t\t\t\t<\/div>\n\t\t\t\t<\/div>\n\t\t\t\t<div class=\"elementor-element elementor-element-ddb16e1 elementor-widget elementor-widget-heading\" data-id=\"ddb16e1\" data-element_type=\"widget\" data-widget_type=\"heading.default\">\n\t\t\t\t<div class=\"elementor-widget-container\">\n\t\t\t<h3 class=\"elementor-heading-title elementor-size-default\">8. Spremembe<\/h3>\t\t<\/div>\n\t\t\t\t<\/div>\n\t\t\t\t<div class=\"elementor-element elementor-element-f128dc0 elementor-widget elementor-widget-text-editor\" data-id=\"f128dc0\" data-element_type=\"widget\" data-widget_type=\"text-editor.default\">\n\t\t\t\t<div class=\"elementor-widget-container\">\n\t\t\t\t\t\t\t<p>Pridr\u017eujemo si pravico, da predmetno Politiko po potrebi ob\u010dasno prilagodimo dejanskim razmeram in zakonodaji s podro\u010dja varstva osebnih podatkov. Zato vas prosimo, da pred vsakim posredovanjem osebnih podatkov preverite aktualno razli\u010dico, da boste seznanjeni z morebitnimi spremembami in dopolnitvami.<\/p>\t\t\t\t\t\t<\/div>\n\t\t\t\t<\/div>\n\t\t\t\t<div class=\"elementor-element elementor-element-b26583c elementor-widget elementor-widget-heading\" data-id=\"b26583c\" data-element_type=\"widget\" data-widget_type=\"heading.default\">\n\t\t\t\t<div class=\"elementor-widget-container\">\n\t\t\t<h3 class=\"elementor-heading-title elementor-size-default\">9. Pi\u0161kotki<\/h3>\t\t<\/div>\n\t\t\t\t<\/div>\n\t\t\t\t<div class=\"elementor-element elementor-element-87fd4d9 elementor-widget elementor-widget-text-editor\" data-id=\"87fd4d9\" data-element_type=\"widget\" data-widget_type=\"text-editor.default\">\n\t\t\t\t<div class=\"elementor-widget-container\">\n\t\t\t\t\t\t\t<p>Za namen zagotavljanja bolj\u0161e funkcionalnosti, uporabni\u0161ke izku\u0161nje, varnosti, nemotenega delovanja ter \u0161tetja uporabnikov na spletnem mestu uporabljamo spletne pi\u0161kotke.<\/p><p>Nujni pi\u0161kotki so potrebni za optimalno delovanje spletne strani, ostali pi\u0161kotki pa se uporabljajo za prilagoditev vsebin in oglasov ter analizo obiskanosti spletne strani. Za ve\u010d informacij si preberite pojasnilo o spletnih pi\u0161kotkih, kjer lahko vedno zavrnete posamezne spletne pi\u0161kotke.<\/p><p>Ta spletna stran uporablja naslednje pi\u0161kotke:<\/p><p>Obvezni: Ti pi\u0161kotki so obvezni za delovanje spletne strani in jih ni mogo\u010de izklopiti in sistema.<br \/>Funkcionalni: Ti pi\u0161kotki slu\u017eijo za hranjenje va\u0161ih nastavitev na strani. Kot so, regija, jezik, perference ipd.<br \/>Analitika: Ti pi\u0161kotki omogo\u010dajo, da \u0161tejemo obiske in vire prometa, zato lahko spremljamo in izbolj\u0161amo delovanje na\u0161e spletne strani.<br \/>Marketing: Ti pi\u0161kotki so nastavljeni s strani na\u0161ih ogla\u0161evalskih partnerjev.<\/p>\t\t\t\t\t\t<\/div>\n\t\t\t\t<\/div>\n\t\t\t\t\t<\/div>\n\t\t<\/div>\n\t\t\t\t\t\t\t<\/div>\n\t\t<\/section>\n\t\t\t\t\t\t\t<\/div>","protected":false},"excerpt":{"rendered":"<p>Zakon o varstvu osebnih podatkov (ZVOP-1) Zakon o varstvu podatkov si lahko pogledate na spletni strani PIS-a na tej&nbsp;povezavi. Masal-s d.o.o. (v nadaljevanju ponudnik) si prizadevamo, da se pri nas po\u010dutite varni, pri \u010demer stremimo,da so va\u0161i osebni podatki varovani najbolj kar se le da. Zavedamo se svoje odgovornosti v zvezi z ravnanjem z va\u0161imi &hellip;<\/p>\n<p class=\"read-more\"> <a class=\"\" href=\"https:\/\/masal-s.com\/hr\/pogoji-uporabe\/\"> <span class=\"screen-reader-text\">Pogoji uporabe<\/span> Read More &raquo;<\/a><\/p>","protected":false},"author":1,"featured_media":0,"parent":0,"menu_order":0,"comment_status":"closed","ping_status":"closed","template":"","meta":{"site-sidebar-layout":"default","site-content-layout":"page-builder","ast-global-header-display":"","ast-main-header-display":"","ast-hfb-above-header-display":"","ast-hfb-below-header-display":"","ast-hfb-mobile-header-display":"","site-post-title":"disabled","ast-breadcrumbs-content":"","ast-featured-img":"disabled","footer-sml-layout":"","theme-transparent-header-meta":"enabled","adv-header-id-meta":"","stick-header-meta":"","header-above-stick-meta":"","header-main-stick-meta":"","header-below-stick-meta":"","footnotes":""},"class_list":["post-809","page","type-page","status-publish","hentry"],"yoast_head":"<!-- This site is optimized with the Yoast SEO Premium plugin v18.7 (Yoast SEO v20.6) - https:\/\/yoast.com\/wordpress\/plugins\/seo\/ -->\n<title>Pogoji uporabe<\/title>\n<meta name=\"description\" content=\"Zakon o varstvu osebnih podatkov (ZVOP-1) Zakon o varstvu podatkov si lahko pogledate na spletni strani PIS-a na tej&nbsp;povezavi. Masal-s d.o.o. (v\" \/>\n<meta name=\"robots\" content=\"index, follow, max-snippet:-1, max-image-preview:large, max-video-preview:-1\" \/>\n<link rel=\"canonical\" href=\"https:\/\/masal-s.com\/hr\/pogoji-uporabe\/\" \/>\n<meta property=\"og:locale\" content=\"hr_HR\" \/>\n<meta property=\"og:type\" content=\"article\" \/>\n<meta property=\"og:title\" content=\"Pogoji uporabe\" \/>\n<meta property=\"og:description\" content=\"Zakon o varstvu osebnih podatkov (ZVOP-1) Zakon o varstvu podatkov si lahko pogledate na spletni strani PIS-a na tej&nbsp;povezavi. Masal-s d.o.o. (v\" \/>\n<meta property=\"og:url\" content=\"https:\/\/masal-s.com\/hr\/pogoji-uporabe\/\" \/>\n<meta property=\"og:site_name\" content=\"MASAL-S\" \/>\n<meta property=\"article:modified_time\" content=\"2023-04-12T13:10:16+00:00\" \/>\n<meta property=\"og:image\" content=\"https:\/\/www.bizi.si\/ImageGenerator.aspx?zUeMCfrbROk%2bm9LwaDBUNRg%2bDbliWkzkGf5O%2fS6y3%2f7HtWCud78qP6XYNsr17Xuz05im%2fQbN7FX6wRo%2bk7MfNg%3d%3d\" \/>\n<meta name=\"twitter:card\" content=\"summary_large_image\" \/>\n<meta name=\"twitter:label1\" content=\"Procijenjeno vrijeme \u010ditanja\" \/>\n\t<meta name=\"twitter:data1\" content=\"4 minute\" \/>\n<script type=\"application\/ld+json\" class=\"yoast-schema-graph\">{\"@context\":\"https:\/\/schema.org\",\"@graph\":[{\"@type\":\"WebPage\",\"@id\":\"https:\/\/masal-s.com\/pogoji-uporabe\/\",\"url\":\"https:\/\/masal-s.com\/pogoji-uporabe\/\",\"name\":\"Pogoji uporabe\",\"isPartOf\":{\"@id\":\"https:\/\/masal-s.com\/#website\"},\"datePublished\":\"2022-06-06T07:40:54+00:00\",\"dateModified\":\"2023-04-12T13:10:16+00:00\",\"description\":\"Zakon o varstvu osebnih podatkov (ZVOP-1) Zakon o varstvu podatkov si lahko pogledate na spletni strani PIS-a na tej&nbsp;povezavi. Masal-s d.o.o. (v\",\"breadcrumb\":{\"@id\":\"https:\/\/masal-s.com\/pogoji-uporabe\/#breadcrumb\"},\"inLanguage\":\"hr\",\"potentialAction\":[{\"@type\":\"ReadAction\",\"target\":[\"https:\/\/masal-s.com\/pogoji-uporabe\/\"]}]},{\"@type\":\"BreadcrumbList\",\"@id\":\"https:\/\/masal-s.com\/pogoji-uporabe\/#breadcrumb\",\"itemListElement\":[{\"@type\":\"ListItem\",\"position\":1,\"name\":\"Home\",\"item\":\"https:\/\/masal-s.com\/\"},{\"@type\":\"ListItem\",\"position\":2,\"name\":\"Pogoji uporabe\"}]},{\"@type\":\"WebSite\",\"@id\":\"https:\/\/masal-s.com\/#website\",\"url\":\"https:\/\/masal-s.com\/\",\"name\":\"MASAL-S\",\"description\":\"Ra\u010dunovodstvo in poslovne storitve\",\"publisher\":{\"@id\":\"https:\/\/masal-s.com\/#organization\"},\"potentialAction\":[{\"@type\":\"SearchAction\",\"target\":{\"@type\":\"EntryPoint\",\"urlTemplate\":\"https:\/\/masal-s.com\/?s={search_term_string}\"},\"query-input\":\"required name=search_term_string\"}],\"inLanguage\":\"hr\"},{\"@type\":\"Organization\",\"@id\":\"https:\/\/masal-s.com\/#organization\",\"name\":\"Masal-s\",\"url\":\"https:\/\/masal-s.com\/\",\"logo\":{\"@type\":\"ImageObject\",\"inLanguage\":\"hr\",\"@id\":\"https:\/\/masal-s.com\/#\/schema\/logo\/image\/\",\"url\":\"https:\/\/masal-s.com\/wp-content\/uploads\/2022\/05\/Masal-1.png\",\"contentUrl\":\"https:\/\/masal-s.com\/wp-content\/uploads\/2022\/05\/Masal-1.png\",\"width\":7378,\"height\":2566,\"caption\":\"Masal-s\"},\"image\":{\"@id\":\"https:\/\/masal-s.com\/#\/schema\/logo\/image\/\"}}]}<\/script>\n<!-- \/ Yoast SEO Premium plugin. -->","yoast_head_json":{"title":"Pogoji uporabe","description":"Zakon o varstvu osebnih podatkov (ZVOP-1) Zakon o varstvu podatkov si lahko pogledate na spletni strani PIS-a na tej&nbsp;povezavi. Masal-s d.o.o. (v","robots":{"index":"index","follow":"follow","max-snippet":"max-snippet:-1","max-image-preview":"max-image-preview:large","max-video-preview":"max-video-preview:-1"},"canonical":"https:\/\/masal-s.com\/hr\/pogoji-uporabe\/","og_locale":"hr_HR","og_type":"article","og_title":"Pogoji uporabe","og_description":"Zakon o varstvu osebnih podatkov (ZVOP-1) Zakon o varstvu podatkov si lahko pogledate na spletni strani PIS-a na tej&nbsp;povezavi. Masal-s d.o.o. (v","og_url":"https:\/\/masal-s.com\/hr\/pogoji-uporabe\/","og_site_name":"MASAL-S","article_modified_time":"2023-04-12T13:10:16+00:00","og_image":[{"url":"https:\/\/www.bizi.si\/ImageGenerator.aspx?zUeMCfrbROk%2bm9LwaDBUNRg%2bDbliWkzkGf5O%2fS6y3%2f7HtWCud78qP6XYNsr17Xuz05im%2fQbN7FX6wRo%2bk7MfNg%3d%3d"}],"twitter_card":"summary_large_image","twitter_misc":{"Procijenjeno vrijeme \u010ditanja":"4 minute"},"schema":{"@context":"https:\/\/schema.org","@graph":[{"@type":"WebPage","@id":"https:\/\/masal-s.com\/pogoji-uporabe\/","url":"https:\/\/masal-s.com\/pogoji-uporabe\/","name":"Pogoji uporabe","isPartOf":{"@id":"https:\/\/masal-s.com\/#website"},"datePublished":"2022-06-06T07:40:54+00:00","dateModified":"2023-04-12T13:10:16+00:00","description":"Zakon o varstvu osebnih podatkov (ZVOP-1) Zakon o varstvu podatkov si lahko pogledate na spletni strani PIS-a na tej&nbsp;povezavi. Masal-s d.o.o. (v","breadcrumb":{"@id":"https:\/\/masal-s.com\/pogoji-uporabe\/#breadcrumb"},"inLanguage":"hr","potentialAction":[{"@type":"ReadAction","target":["https:\/\/masal-s.com\/pogoji-uporabe\/"]}]},{"@type":"BreadcrumbList","@id":"https:\/\/masal-s.com\/pogoji-uporabe\/#breadcrumb","itemListElement":[{"@type":"ListItem","position":1,"name":"Home","item":"https:\/\/masal-s.com\/"},{"@type":"ListItem","position":2,"name":"Pogoji uporabe"}]},{"@type":"WebSite","@id":"https:\/\/masal-s.com\/#website","url":"https:\/\/masal-s.com\/","name":"MASAL-S","description":"Ra\u010dunovodstvo in poslovne storitve","publisher":{"@id":"https:\/\/masal-s.com\/#organization"},"potentialAction":[{"@type":"SearchAction","target":{"@type":"EntryPoint","urlTemplate":"https:\/\/masal-s.com\/?s={search_term_string}"},"query-input":"required name=search_term_string"}],"inLanguage":"hr"},{"@type":"Organization","@id":"https:\/\/masal-s.com\/#organization","name":"Masal-s","url":"https:\/\/masal-s.com\/","logo":{"@type":"ImageObject","inLanguage":"hr","@id":"https:\/\/masal-s.com\/#\/schema\/logo\/image\/","url":"https:\/\/masal-s.com\/wp-content\/uploads\/2022\/05\/Masal-1.png","contentUrl":"https:\/\/masal-s.com\/wp-content\/uploads\/2022\/05\/Masal-1.png","width":7378,"height":2566,"caption":"Masal-s"},"image":{"@id":"https:\/\/masal-s.com\/#\/schema\/logo\/image\/"}}]}},"_links":{"self":[{"href":"https:\/\/masal-s.com\/hr\/wp-json\/wp\/v2\/pages\/809","targetHints":{"allow":["GET"]}}],"collection":[{"href":"https:\/\/masal-s.com\/hr\/wp-json\/wp\/v2\/pages"}],"about":[{"href":"https:\/\/masal-s.com\/hr\/wp-json\/wp\/v2\/types\/page"}],"author":[{"embeddable":true,"href":"https:\/\/masal-s.com\/hr\/wp-json\/wp\/v2\/users\/1"}],"replies":[{"embeddable":true,"href":"https:\/\/masal-s.com\/hr\/wp-json\/wp\/v2\/comments?post=809"}],"version-history":[{"count":10,"href":"https:\/\/masal-s.com\/hr\/wp-json\/wp\/v2\/pages\/809\/revisions"}],"predecessor-version":[{"id":888,"href":"https:\/\/masal-s.com\/hr\/wp-json\/wp\/v2\/pages\/809\/revisions\/888"}],"wp:attachment":[{"href":"https:\/\/masal-s.com\/hr\/wp-json\/wp\/v2\/media?parent=809"}],"curies":[{"name":"wp","href":"https:\/\/api.w.org\/{rel}","templated":true}]}}