{"id":16,"date":"2018-08-27T12:18:48","date_gmt":"2018-08-27T12:18:48","guid":{"rendered":"http:\/\/masal-s.com\/contact\/"},"modified":"2023-04-12T18:44:14","modified_gmt":"2023-04-12T18:44:14","slug":"kontakt-samra-lokvancic","status":"publish","type":"page","link":"https:\/\/masal-s.com\/hr\/kontakt-samra-lokvancic\/","title":{"rendered":"kontakt"},"content":{"rendered":"<div data-elementor-type=\"wp-post\" data-elementor-id=\"16\" class=\"elementor elementor-16\">\n\t\t\t\t\t\t\t\t\t<section class=\"elementor-section elementor-top-section elementor-element elementor-element-96de28b elementor-section-boxed elementor-section-height-default elementor-section-height-default\" data-id=\"96de28b\" data-element_type=\"section\" data-settings=\"{&quot;background_background&quot;:&quot;classic&quot;}\">\n\t\t\t\t\t\t\t<div class=\"elementor-background-overlay\"><\/div>\n\t\t\t\t\t\t\t<div class=\"elementor-container elementor-column-gap-no\">\n\t\t\t\t\t<div class=\"elementor-column elementor-col-100 elementor-top-column elementor-element elementor-element-9f80700\" data-id=\"9f80700\" data-element_type=\"column\">\n\t\t\t<div class=\"elementor-widget-wrap elementor-element-populated\">\n\t\t\t\t\t\t\t\t<div class=\"elementor-element elementor-element-cc9b997 elementor-widget elementor-widget-heading\" data-id=\"cc9b997\" data-element_type=\"widget\" data-widget_type=\"heading.default\">\n\t\t\t\t<div class=\"elementor-widget-container\">\n\t\t\t<style>\/*! elementor - v3.13.0 - 08-05-2023 *\/\n.elementor-heading-title{padding:0;margin:0;line-height:1}.elementor-widget-heading .elementor-heading-title[class*=elementor-size-]>a{color:inherit;font-size:inherit;line-height:inherit}.elementor-widget-heading .elementor-heading-title.elementor-size-small{font-size:15px}.elementor-widget-heading .elementor-heading-title.elementor-size-medium{font-size:19px}.elementor-widget-heading .elementor-heading-title.elementor-size-large{font-size:29px}.elementor-widget-heading .elementor-heading-title.elementor-size-xl{font-size:39px}.elementor-widget-heading .elementor-heading-title.elementor-size-xxl{font-size:59px}<\/style><h1 class=\"elementor-heading-title elementor-size-default\">Kontaktirajte nas<\/h1>\t\t<\/div>\n\t\t\t\t<\/div>\n\t\t\t\t\t<\/div>\n\t\t<\/div>\n\t\t\t\t\t\t\t<\/div>\n\t\t<\/section>\n\t\t\t\t<section class=\"elementor-section elementor-top-section elementor-element elementor-element-23ed93a elementor-section-boxed elementor-section-height-default elementor-section-height-default\" data-id=\"23ed93a\" data-element_type=\"section\" data-settings=\"{&quot;background_background&quot;:&quot;classic&quot;}\">\n\t\t\t\t\t\t<div class=\"elementor-container elementor-column-gap-default\">\n\t\t\t\t\t<div class=\"elementor-column elementor-col-50 elementor-top-column elementor-element elementor-element-6b16c46\" data-id=\"6b16c46\" data-element_type=\"column\">\n\t\t\t<div class=\"elementor-widget-wrap elementor-element-populated\">\n\t\t\t\t\t\t\t\t<div class=\"elementor-element elementor-element-20e1bce elementor-widget elementor-widget-heading\" data-id=\"20e1bce\" data-element_type=\"widget\" data-widget_type=\"heading.default\">\n\t\t\t\t<div class=\"elementor-widget-container\">\n\t\t\t<h5 class=\"elementor-heading-title elementor-size-default\">Kontaktne informacije<\/h5>\t\t<\/div>\n\t\t\t\t<\/div>\n\t\t\t\t<div class=\"elementor-element elementor-element-129c270 elementor-widget elementor-widget-heading\" data-id=\"129c270\" data-element_type=\"widget\" data-widget_type=\"heading.default\">\n\t\t\t\t<div class=\"elementor-widget-container\">\n\t\t\t<h2 class=\"elementor-heading-title elementor-size-default\">Samra Lokvan\u010di\u0107, univ. dipl. ekon.<\/h2>\t\t<\/div>\n\t\t\t\t<\/div>\n\t\t\t\t<section class=\"elementor-section elementor-inner-section elementor-element elementor-element-efd2cae elementor-section-boxed elementor-section-height-default elementor-section-height-default\" data-id=\"efd2cae\" data-element_type=\"section\">\n\t\t\t\t\t\t<div class=\"elementor-container elementor-column-gap-default\">\n\t\t\t\t\t<div class=\"elementor-column elementor-col-50 elementor-inner-column elementor-element elementor-element-5b25e0a\" data-id=\"5b25e0a\" data-element_type=\"column\">\n\t\t\t<div class=\"elementor-widget-wrap elementor-element-populated\">\n\t\t\t\t\t\t\t\t<div class=\"elementor-element elementor-element-f35aec0 elementor-view-stacked elementor-position-left elementor-shape-circle elementor-mobile-position-top elementor-vertical-align-top elementor-widget elementor-widget-icon-box\" data-id=\"f35aec0\" data-element_type=\"widget\" data-widget_type=\"icon-box.default\">\n\t\t\t\t<div class=\"elementor-widget-container\">\n\t\t\t<link rel=\"stylesheet\" href=\"https:\/\/masal-s.com\/wp-content\/plugins\/elementor\/assets\/css\/widget-icon-box.min.css\">\t\t<div class=\"elementor-icon-box-wrapper\">\n\t\t\t\t\t\t<div class=\"elementor-icon-box-icon\">\n\t\t\t\t<span class=\"elementor-icon elementor-animation-\" >\n\t\t\t\t<i aria-hidden=\"true\" class=\"fas fa-phone-alt\"><\/i>\t\t\t\t<\/span>\n\t\t\t<\/div>\n\t\t\t\t\t\t<div class=\"elementor-icon-box-content\">\n\t\t\t\t<h4 class=\"elementor-icon-box-title\">\n\t\t\t\t\t<span  >\n\t\t\t\t\t\tTelefonske \u0161tevilke\t\t\t\t\t<\/span>\n\t\t\t\t<\/h4>\n\t\t\t\t\t\t\t\t\t<p class=\"elementor-icon-box-description\">\n\t\t\t\t\t\tmobitel: +386 64 262 800\n<br>\ntelefon: +386 27 711 343\n<br>\nfax: +386 27 711 342\t\t\t\t\t<\/p>\n\t\t\t\t\t\t\t<\/div>\n\t\t<\/div>\n\t\t\t\t<\/div>\n\t\t\t\t<\/div>\n\t\t\t\t\t<\/div>\n\t\t<\/div>\n\t\t\t\t<div class=\"elementor-column elementor-col-50 elementor-inner-column elementor-element elementor-element-0965bf7\" data-id=\"0965bf7\" data-element_type=\"column\">\n\t\t\t<div class=\"elementor-widget-wrap elementor-element-populated\">\n\t\t\t\t\t\t\t\t<div class=\"elementor-element elementor-element-624d5be elementor-view-stacked elementor-position-left elementor-shape-circle elementor-mobile-position-top elementor-vertical-align-top elementor-widget elementor-widget-icon-box\" data-id=\"624d5be\" data-element_type=\"widget\" data-widget_type=\"icon-box.default\">\n\t\t\t\t<div class=\"elementor-widget-container\">\n\t\t\t\t\t<div class=\"elementor-icon-box-wrapper\">\n\t\t\t\t\t\t<div class=\"elementor-icon-box-icon\">\n\t\t\t\t<span class=\"elementor-icon elementor-animation-\" >\n\t\t\t\t<i aria-hidden=\"true\" class=\"fas fa-envelope-open\"><\/i>\t\t\t\t<\/span>\n\t\t\t<\/div>\n\t\t\t\t\t\t<div class=\"elementor-icon-box-content\">\n\t\t\t\t<h4 class=\"elementor-icon-box-title\">\n\t\t\t\t\t<span  >\n\t\t\t\t\t\tEmail\t\t\t\t\t<\/span>\n\t\t\t\t<\/h4>\n\t\t\t\t\t\t\t\t\t<p class=\"elementor-icon-box-description\">\n\t\t\t\t\t\tmasal@a1mail.si\n<br>\nmasal1@a1mail.si\t\t\t\t\t<\/p>\n\t\t\t\t\t\t\t<\/div>\n\t\t<\/div>\n\t\t\t\t<\/div>\n\t\t\t\t<\/div>\n\t\t\t\t\t<\/div>\n\t\t<\/div>\n\t\t\t\t\t\t\t<\/div>\n\t\t<\/section>\n\t\t\t\t<div class=\"elementor-element elementor-element-006dc73 elementor-view-stacked elementor-position-left elementor-shape-circle elementor-mobile-position-top elementor-vertical-align-top elementor-widget elementor-widget-icon-box\" data-id=\"006dc73\" data-element_type=\"widget\" data-widget_type=\"icon-box.default\">\n\t\t\t\t<div class=\"elementor-widget-container\">\n\t\t\t\t\t<div class=\"elementor-icon-box-wrapper\">\n\t\t\t\t\t\t<div class=\"elementor-icon-box-icon\">\n\t\t\t\t<span class=\"elementor-icon elementor-animation-\" >\n\t\t\t\t<i aria-hidden=\"true\" class=\"fas fa-map-marker-alt\"><\/i>\t\t\t\t<\/span>\n\t\t\t<\/div>\n\t\t\t\t\t\t<div class=\"elementor-icon-box-content\">\n\t\t\t\t<h4 class=\"elementor-icon-box-title\">\n\t\t\t\t\t<span  >\n\t\t\t\t\t\tTitula\t\t\t\t\t<\/span>\n\t\t\t\t<\/h4>\n\t\t\t\t\t\t\t\t\t<p class=\"elementor-icon-box-description\">\n\t\t\t\t\t\tOsojnikova cesta 3 <br> 2250 Ptuj<br>Slovenija\t\t\t\t\t<\/p>\n\t\t\t\t\t\t\t<\/div>\n\t\t<\/div>\n\t\t\t\t<\/div>\n\t\t\t\t<\/div>\n\t\t\t\t\t<\/div>\n\t\t<\/div>\n\t\t\t\t<div class=\"elementor-column elementor-col-50 elementor-top-column elementor-element elementor-element-d02d0d3\" data-id=\"d02d0d3\" data-element_type=\"column\" data-settings=\"{&quot;background_background&quot;:&quot;classic&quot;}\">\n\t\t\t<div class=\"elementor-widget-wrap elementor-element-populated\">\n\t\t\t\t\t\t\t\t<div class=\"elementor-element elementor-element-22a45ba elementor-widget elementor-widget-shortcode\" data-id=\"22a45ba\" data-element_type=\"widget\" data-widget_type=\"shortcode.default\">\n\t\t\t\t<div class=\"elementor-widget-container\">\n\t\t\t\t\t<div class=\"elementor-shortcode\"><div class=\"wpforms-container\" id=\"wpforms-6\"><form id=\"wpforms-form-6\" class=\"wpforms-validate wpforms-form\" data-formid=\"6\" method=\"post\" enctype=\"multipart\/form-data\" action=\"\/hr\/wp-json\/wp\/v2\/pages\/16\" data-token=\"a77c3c6ff02c061dd22c7d98cae3b593\" data-trp-original-action=\"\/hr\/wp-json\/wp\/v2\/pages\/16\"><noscript class=\"wpforms-error-noscript\">Please enable JavaScript in your browser to complete this form.<\/noscript><div class=\"wpforms-field-container\"><div id=\"wpforms-6-field_0-container\" class=\"wpforms-field wpforms-field-name\" data-field-id=\"0\"><label class=\"wpforms-field-label wpforms-label-hide\" for=\"wpforms-6-field_0\">Ime in priimek <span class=\"wpforms-required-label\">*<\/span><\/label><input type=\"text\" id=\"wpforms-6-field_0\" class=\"wpforms-field-large wpforms-field-required\" name=\"wpforms[fields][0]\" placeholder=\"Ime i prezime*\" required><\/div><div id=\"wpforms-6-field_1-container\" class=\"wpforms-field wpforms-field-email\" data-field-id=\"1\"><label class=\"wpforms-field-label wpforms-label-hide\" for=\"wpforms-6-field_1\">Email <span class=\"wpforms-required-label\">*<\/span><\/label><input type=\"email\" id=\"wpforms-6-field_1\" class=\"wpforms-field-large wpforms-field-required\" name=\"wpforms[fields][1]\" placeholder=\"e-po\u0161ta *\" spellcheck=\"false\" required><\/div><div id=\"wpforms-6-field_3-container\" class=\"wpforms-field wpforms-field-number\" data-field-id=\"3\"><label class=\"wpforms-field-label wpforms-label-hide\" for=\"wpforms-6-field_3\">Telefonska \u0160tevilka <span class=\"wpforms-required-label\">*<\/span><\/label><input type=\"number\" pattern=\"\\d*\" id=\"wpforms-6-field_3\" class=\"wpforms-field-large wpforms-field-required\" name=\"wpforms[fields][3]\" placeholder=\"Broj telefona*\" required><\/div><div id=\"wpforms-6-field_13-container\" class=\"wpforms-field wpforms-field-name\" data-field-id=\"13\"><label class=\"wpforms-field-label wpforms-label-hide\" for=\"wpforms-6-field_13\">Sporo\u010dilo <span class=\"wpforms-required-label\">*<\/span><\/label><input type=\"text\" id=\"wpforms-6-field_13\" class=\"wpforms-field-large wpforms-field-required\" name=\"wpforms[fields][13]\" placeholder=\"Poruka*\" required><\/div><\/div><!-- .wpforms-field-container --><div class=\"wpforms-field wpforms-field-hp\"><label for=\"wpforms-6-field-hp\" class=\"wpforms-field-label\">Message<\/label><input type=\"text\" name=\"wpforms[hp]\" id=\"wpforms-6-field-hp\" class=\"wpforms-field-medium\"><\/div><div class=\"wpforms-submit-container\" ><input type=\"hidden\" name=\"wpforms[id]\" value=\"6\"><input type=\"hidden\" name=\"wpforms[author]\" value=\"1\"><button type=\"submit\" name=\"wpforms[submit]\" id=\"wpforms-submit-6\" class=\"wpforms-submit\" data-alt-text=\"Po\u0161iljam...\" data-submit-text=\"Po\u0161lji\" aria-live=\"assertive\" value=\"wpforms-submit\">Poslati<\/button><\/div><input type=\"hidden\" name=\"trp-form-language\" value=\"hr\"\/><\/form><\/div>  <!-- .wpforms-container -->\t<\/div>\n\t\t\t\t<\/div>\n\t\t\t\t<\/div>\n\t\t\t\t\t<\/div>\n\t\t<\/div>\n\t\t\t\t\t\t\t<\/div>\n\t\t<\/section>\n\t\t\t\t<section class=\"elementor-section elementor-top-section elementor-element elementor-element-62912977 elementor-section-full_width elementor-section-content-middle elementor-section-height-default elementor-section-height-default\" data-id=\"62912977\" data-element_type=\"section\">\n\t\t\t\t\t\t<div class=\"elementor-container elementor-column-gap-no\">\n\t\t\t\t\t<div class=\"elementor-column elementor-col-100 elementor-top-column elementor-element elementor-element-47523ed7\" data-id=\"47523ed7\" data-element_type=\"column\">\n\t\t\t<div class=\"elementor-widget-wrap elementor-element-populated\">\n\t\t\t\t\t\t\t\t<div class=\"elementor-element elementor-element-3483cc7d elementor-widget elementor-widget-google_maps\" data-id=\"3483cc7d\" data-element_type=\"widget\" data-widget_type=\"google_maps.default\">\n\t\t\t\t<div class=\"elementor-widget-container\">\n\t\t\t<style>\/*! elementor - v3.13.0 - 08-05-2023 *\/\n.elementor-widget-google_maps .elementor-widget-container{overflow:hidden}.elementor-widget-google_maps .elementor-custom-embed{line-height:0}.elementor-widget-google_maps iframe{height:300px}<\/style>\t\t<div class=\"elementor-custom-embed\">\n\t\t\t<iframe loading=\"lazy\"\n\t\t\t\t\tsrc=\"https:\/\/maps.google.com\/maps?q=osojnikova%20cesta%203&#038;t=m&#038;z=14&#038;output=embed&#038;iwloc=near\"\n\t\t\t\t\ttitle=\"osojnikova cesta 3\"\n\t\t\t\t\taria-label=\"osojnikova cesta 3\"\n\t\t\t><\/iframe>\n\t\t<\/div>\n\t\t\t\t<\/div>\n\t\t\t\t<\/div>\n\t\t\t\t\t<\/div>\n\t\t<\/div>\n\t\t\t\t\t\t\t<\/div>\n\t\t<\/section>\n\t\t\t\t\t\t\t<\/div>","protected":false},"excerpt":{"rendered":"<p>Kontaktirajte nas Kontaktne informacije Samra Lokvan\u010di\u0107, univ. dipl. ekon. Telefonske \u0161tevilke mobitel: +386 64 262 800 telefon: +386 27 711 343 fax: +386 27 711 342 Email masal@a1mail.si masal1@a1mail.si Naslov Osojnikova cesta 3 2250 PtujSlovenija<\/p>","protected":false},"author":1,"featured_media":0,"parent":0,"menu_order":0,"comment_status":"closed","ping_status":"closed","template":"","meta":{"site-sidebar-layout":"default","site-content-layout":"page-builder","ast-global-header-display":"","ast-main-header-display":"","ast-hfb-above-header-display":"","ast-hfb-below-header-display":"","ast-hfb-mobile-header-display":"","site-post-title":"disabled","ast-breadcrumbs-content":"","ast-featured-img":"disabled","footer-sml-layout":"","theme-transparent-header-meta":"enabled","adv-header-id-meta":"","stick-header-meta":"","header-above-stick-meta":"","header-main-stick-meta":"","header-below-stick-meta":"","footnotes":""},"class_list":["post-16","page","type-page","status-publish","hentry"],"yoast_head":"<!-- This site is optimized with the Yoast SEO Premium plugin v18.7 (Yoast SEO v20.6) - https:\/\/yoast.com\/wordpress\/plugins\/seo\/ -->\n<title>Masal-s | Kontakt<\/title>\n<meta name=\"description\" content=\"Kontaktirajte nas Kontaktne informacije Samra Lokvan\u010di\u0107, univ. dipl. ekon. Telefonske \u0161tevilke mobitel: +386 64 262 800 telefon: +386 27 711 343 fax: +386\" \/>\n<meta name=\"robots\" content=\"index, follow, max-snippet:-1, max-image-preview:large, max-video-preview:-1\" \/>\n<link rel=\"canonical\" href=\"https:\/\/masal-s.com\/hr\/kontakt-samra-lokvancic\/\" \/>\n<meta property=\"og:locale\" content=\"hr_HR\" \/>\n<meta property=\"og:type\" content=\"article\" \/>\n<meta property=\"og:title\" content=\"Kontakt\" \/>\n<meta property=\"og:description\" content=\"Kontaktirajte nas Kontaktne informacije Samra Lokvan\u010di\u0107, univ. dipl. ekon. Telefonske \u0161tevilke mobitel: +386 64 262 800 telefon: +386 27 711 343 fax: +386\" \/>\n<meta property=\"og:url\" content=\"https:\/\/masal-s.com\/hr\/kontakt-samra-lokvancic\/\" \/>\n<meta property=\"og:site_name\" content=\"MASAL-S\" \/>\n<meta property=\"article:modified_time\" content=\"2023-04-12T18:44:14+00:00\" \/>\n<meta name=\"twitter:card\" content=\"summary_large_image\" \/>\n<meta name=\"twitter:label1\" content=\"Procijenjeno vrijeme \u010ditanja\" \/>\n\t<meta name=\"twitter:data1\" content=\"1 minuta\" \/>\n<script type=\"application\/ld+json\" class=\"yoast-schema-graph\">{\"@context\":\"https:\/\/schema.org\",\"@graph\":[{\"@type\":\"WebPage\",\"@id\":\"https:\/\/masal-s.com\/kontakt-samra-lokvancic\/\",\"url\":\"https:\/\/masal-s.com\/kontakt-samra-lokvancic\/\",\"name\":\"Masal-s | Kontakt\",\"isPartOf\":{\"@id\":\"https:\/\/masal-s.com\/#website\"},\"datePublished\":\"2018-08-27T12:18:48+00:00\",\"dateModified\":\"2023-04-12T18:44:14+00:00\",\"description\":\"Kontaktirajte nas Kontaktne informacije Samra Lokvan\u010di\u0107, univ. dipl. ekon. Telefonske \u0161tevilke mobitel: +386 64 262 800 telefon: +386 27 711 343 fax: +386\",\"breadcrumb\":{\"@id\":\"https:\/\/masal-s.com\/kontakt-samra-lokvancic\/#breadcrumb\"},\"inLanguage\":\"hr\",\"potentialAction\":[{\"@type\":\"ReadAction\",\"target\":[\"https:\/\/masal-s.com\/kontakt-samra-lokvancic\/\"]}]},{\"@type\":\"BreadcrumbList\",\"@id\":\"https:\/\/masal-s.com\/kontakt-samra-lokvancic\/#breadcrumb\",\"itemListElement\":[{\"@type\":\"ListItem\",\"position\":1,\"name\":\"Home\",\"item\":\"https:\/\/masal-s.com\/\"},{\"@type\":\"ListItem\",\"position\":2,\"name\":\"Kontakt\"}]},{\"@type\":\"WebSite\",\"@id\":\"https:\/\/masal-s.com\/#website\",\"url\":\"https:\/\/masal-s.com\/\",\"name\":\"MASAL-S\",\"description\":\"Ra\u010dunovodstvo in poslovne storitve\",\"publisher\":{\"@id\":\"https:\/\/masal-s.com\/#organization\"},\"potentialAction\":[{\"@type\":\"SearchAction\",\"target\":{\"@type\":\"EntryPoint\",\"urlTemplate\":\"https:\/\/masal-s.com\/?s={search_term_string}\"},\"query-input\":\"required name=search_term_string\"}],\"inLanguage\":\"hr\"},{\"@type\":\"Organization\",\"@id\":\"https:\/\/masal-s.com\/#organization\",\"name\":\"Masal-s\",\"url\":\"https:\/\/masal-s.com\/\",\"logo\":{\"@type\":\"ImageObject\",\"inLanguage\":\"hr\",\"@id\":\"https:\/\/masal-s.com\/#\/schema\/logo\/image\/\",\"url\":\"https:\/\/masal-s.com\/wp-content\/uploads\/2022\/05\/Masal-1.png\",\"contentUrl\":\"https:\/\/masal-s.com\/wp-content\/uploads\/2022\/05\/Masal-1.png\",\"width\":7378,\"height\":2566,\"caption\":\"Masal-s\"},\"image\":{\"@id\":\"https:\/\/masal-s.com\/#\/schema\/logo\/image\/\"}}]}<\/script>\n<!-- \/ Yoast SEO Premium plugin. -->","yoast_head_json":{"title":"Masal-s | Kontakt","description":"Kontaktirajte nas Kontaktne informacije Samra Lokvan\u010di\u0107, univ. dipl. ekon. Telefonske \u0161tevilke mobitel: +386 64 262 800 telefon: +386 27 711 343 fax: +386","robots":{"index":"index","follow":"follow","max-snippet":"max-snippet:-1","max-image-preview":"max-image-preview:large","max-video-preview":"max-video-preview:-1"},"canonical":"https:\/\/masal-s.com\/hr\/kontakt-samra-lokvancic\/","og_locale":"hr_HR","og_type":"article","og_title":"Kontakt","og_description":"Kontaktirajte nas Kontaktne informacije Samra Lokvan\u010di\u0107, univ. dipl. ekon. Telefonske \u0161tevilke mobitel: +386 64 262 800 telefon: +386 27 711 343 fax: +386","og_url":"https:\/\/masal-s.com\/hr\/kontakt-samra-lokvancic\/","og_site_name":"MASAL-S","article_modified_time":"2023-04-12T18:44:14+00:00","twitter_card":"summary_large_image","twitter_misc":{"Procijenjeno vrijeme \u010ditanja":"1 minuta"},"schema":{"@context":"https:\/\/schema.org","@graph":[{"@type":"WebPage","@id":"https:\/\/masal-s.com\/kontakt-samra-lokvancic\/","url":"https:\/\/masal-s.com\/kontakt-samra-lokvancic\/","name":"Masal-s | Kontakt","isPartOf":{"@id":"https:\/\/masal-s.com\/#website"},"datePublished":"2018-08-27T12:18:48+00:00","dateModified":"2023-04-12T18:44:14+00:00","description":"Kontaktirajte nas Kontaktne informacije Samra Lokvan\u010di\u0107, univ. dipl. ekon. Telefonske \u0161tevilke mobitel: +386 64 262 800 telefon: +386 27 711 343 fax: +386","breadcrumb":{"@id":"https:\/\/masal-s.com\/kontakt-samra-lokvancic\/#breadcrumb"},"inLanguage":"hr","potentialAction":[{"@type":"ReadAction","target":["https:\/\/masal-s.com\/kontakt-samra-lokvancic\/"]}]},{"@type":"BreadcrumbList","@id":"https:\/\/masal-s.com\/kontakt-samra-lokvancic\/#breadcrumb","itemListElement":[{"@type":"ListItem","position":1,"name":"Home","item":"https:\/\/masal-s.com\/"},{"@type":"ListItem","position":2,"name":"Kontakt"}]},{"@type":"WebSite","@id":"https:\/\/masal-s.com\/#website","url":"https:\/\/masal-s.com\/","name":"MASAL-S","description":"Ra\u010dunovodstvo in poslovne storitve","publisher":{"@id":"https:\/\/masal-s.com\/#organization"},"potentialAction":[{"@type":"SearchAction","target":{"@type":"EntryPoint","urlTemplate":"https:\/\/masal-s.com\/?s={search_term_string}"},"query-input":"required name=search_term_string"}],"inLanguage":"hr"},{"@type":"Organization","@id":"https:\/\/masal-s.com\/#organization","name":"Masal-s","url":"https:\/\/masal-s.com\/","logo":{"@type":"ImageObject","inLanguage":"hr","@id":"https:\/\/masal-s.com\/#\/schema\/logo\/image\/","url":"https:\/\/masal-s.com\/wp-content\/uploads\/2022\/05\/Masal-1.png","contentUrl":"https:\/\/masal-s.com\/wp-content\/uploads\/2022\/05\/Masal-1.png","width":7378,"height":2566,"caption":"Masal-s"},"image":{"@id":"https:\/\/masal-s.com\/#\/schema\/logo\/image\/"}}]}},"_links":{"self":[{"href":"https:\/\/masal-s.com\/hr\/wp-json\/wp\/v2\/pages\/16","targetHints":{"allow":["GET"]}}],"collection":[{"href":"https:\/\/masal-s.com\/hr\/wp-json\/wp\/v2\/pages"}],"about":[{"href":"https:\/\/masal-s.com\/hr\/wp-json\/wp\/v2\/types\/page"}],"author":[{"embeddable":true,"href":"https:\/\/masal-s.com\/hr\/wp-json\/wp\/v2\/users\/1"}],"replies":[{"embeddable":true,"href":"https:\/\/masal-s.com\/hr\/wp-json\/wp\/v2\/comments?post=16"}],"version-history":[{"count":51,"href":"https:\/\/masal-s.com\/hr\/wp-json\/wp\/v2\/pages\/16\/revisions"}],"predecessor-version":[{"id":893,"href":"https:\/\/masal-s.com\/hr\/wp-json\/wp\/v2\/pages\/16\/revisions\/893"}],"wp:attachment":[{"href":"https:\/\/masal-s.com\/hr\/wp-json\/wp\/v2\/media?parent=16"}],"curies":[{"name":"wp","href":"https:\/\/api.w.org\/{rel}","templated":true}]}}